{"id":1133,"date":"2024-03-26T10:58:06","date_gmt":"2024-03-26T13:58:06","guid":{"rendered":"https:\/\/imatec2.com.br\/?page_id=1133"},"modified":"2024-04-01T11:23:57","modified_gmt":"2024-04-01T14:23:57","slug":"digitalizacao-de-documentos","status":"publish","type":"page","link":"https:\/\/imatec2.com.br\/index.php\/digitalizacao-de-documentos\/","title":{"rendered":"DIGITALIZA\u00c7\u00c3O DE DOCUMENTOS"},"content":{"rendered":"\t\t<div data-elementor-type=\"wp-page\" data-elementor-id=\"1133\" class=\"elementor elementor-1133\">\n\t\t\t\t<div class=\"elementor-element elementor-element-afcf3fb e-con-full e-flex e-con e-parent\" data-id=\"afcf3fb\" data-element_type=\"container\">\n\t\t\t\t<div class=\"elementor-element elementor-element-e35226e elementor-widget elementor-widget-image\" data-id=\"e35226e\" data-element_type=\"widget\" data-widget_type=\"image.default\">\n\t\t\t\t<div class=\"elementor-widget-container\">\n\t\t\t\t\t\t\t\t\t\t\t\t\t\t\t<img fetchpriority=\"high\" decoding=\"async\" width=\"1920\" height=\"650\" src=\"https:\/\/imatec2.com.br\/wp-content\/uploads\/2024\/03\/digitalizacao-de-documentos-2.png\" class=\"attachment-full size-full wp-image-1054\" alt=\"digitaliza\u00e7\u00e3o de documentos\" srcset=\"https:\/\/imatec2.com.br\/wp-content\/uploads\/2024\/03\/digitalizacao-de-documentos-2.png 1920w, https:\/\/imatec2.com.br\/wp-content\/uploads\/2024\/03\/digitalizacao-de-documentos-2-300x102.png 300w, https:\/\/imatec2.com.br\/wp-content\/uploads\/2024\/03\/digitalizacao-de-documentos-2-1024x347.png 1024w, https:\/\/imatec2.com.br\/wp-content\/uploads\/2024\/03\/digitalizacao-de-documentos-2-768x260.png 768w, https:\/\/imatec2.com.br\/wp-content\/uploads\/2024\/03\/digitalizacao-de-documentos-2-1536x520.png 1536w\" sizes=\"(max-width: 1920px) 100vw, 1920px\" \/>\t\t\t\t\t\t\t\t\t\t\t\t\t\t\t<\/div>\n\t\t\t\t<\/div>\n\t\t\t\t<\/div>\n\t\t<div class=\"elementor-element elementor-element-4e0646e e-con-full e-flex e-con e-parent\" data-id=\"4e0646e\" data-element_type=\"container\">\n\t\t<div class=\"elementor-element elementor-element-76e9e6a e-flex e-con-boxed e-con e-child\" data-id=\"76e9e6a\" data-element_type=\"container\" data-settings=\"{&quot;background_background&quot;:&quot;classic&quot;}\">\n\t\t\t\t\t<div class=\"e-con-inner\">\n\t\t<div class=\"elementor-element elementor-element-2a2aab3 e-con-full e-flex e-con e-child\" data-id=\"2a2aab3\" data-element_type=\"container\">\n\t\t\t\t<div class=\"elementor-element elementor-element-afd411e elementor-widget elementor-widget-heading\" data-id=\"afd411e\" data-element_type=\"widget\" data-widget_type=\"heading.default\">\n\t\t\t\t<div class=\"elementor-widget-container\">\n\t\t\t\t\t<h2 class=\"elementor-heading-title elementor-size-default\">A Transforma\u00e7\u00e3o Digital Atrav\u00e9s da <br>Digitaliza\u00e7\u00e3o de Documentos com a Imatec<\/h2>\t\t\t\t<\/div>\n\t\t\t\t<\/div>\n\t\t\t\t<div class=\"elementor-element elementor-element-d4b148a elementor-widget elementor-widget-text-editor\" data-id=\"d4b148a\" data-element_type=\"widget\" data-widget_type=\"text-editor.default\">\n\t\t\t\t<div class=\"elementor-widget-container\">\n\t\t\t\t\t\t\t\t\t<p>Em um mundo cada vez mais digital, a digitaliza\u00e7\u00e3o de documentos surge como uma solu\u00e7\u00e3o essencial para empresas e organiza\u00e7\u00f5es que buscam modernizar suas opera\u00e7\u00f5es, melhorar a efici\u00eancia e garantir a seguran\u00e7a das informa\u00e7\u00f5es.<\/p><p>A Imatec, com mais de 30 anos de atua\u00e7\u00e3o no mercado e reconhecida por sua expertise e profissionalismo, oferece servi\u00e7os de digitaliza\u00e7\u00e3o de documentos que atendem a uma ampla gama de setores, incluindo sa\u00fade, educa\u00e7\u00e3o, financeiro, jur\u00eddico, transporte, multinacionais, entre outros.<\/p>\t\t\t\t\t\t\t\t<\/div>\n\t\t\t\t<\/div>\n\t\t\t\t<\/div>\n\t\t<div class=\"elementor-element elementor-element-aca7bfa e-con-full e-flex e-con e-child\" data-id=\"aca7bfa\" data-element_type=\"container\">\n\t\t\t\t<div class=\"elementor-element elementor-element-58985c4 elementor-widget elementor-widget-image\" data-id=\"58985c4\" data-element_type=\"widget\" data-widget_type=\"image.default\">\n\t\t\t\t<div class=\"elementor-widget-container\">\n\t\t\t\t\t\t\t\t\t\t\t\t\t\t\t<img decoding=\"async\" width=\"300\" height=\"350\" src=\"https:\/\/imatec2.com.br\/wp-content\/uploads\/2024\/03\/1-5.png\" class=\"attachment-large size-large wp-image-1055\" alt=\"digitaliza\u00e7\u00e3o de documentos\" srcset=\"https:\/\/imatec2.com.br\/wp-content\/uploads\/2024\/03\/1-5.png 300w, https:\/\/imatec2.com.br\/wp-content\/uploads\/2024\/03\/1-5-257x300.png 257w\" sizes=\"(max-width: 300px) 100vw, 300px\" \/>\t\t\t\t\t\t\t\t\t\t\t\t\t\t\t<\/div>\n\t\t\t\t<\/div>\n\t\t\t\t<\/div>\n\t\t\t\t\t<\/div>\n\t\t\t\t<\/div>\n\t\t\t\t<\/div>\n\t\t<div class=\"elementor-element elementor-element-2da827b e-con-full e-flex e-con e-parent\" data-id=\"2da827b\" data-element_type=\"container\">\n\t\t<div class=\"elementor-element elementor-element-f44f9a2 e-flex e-con-boxed e-con e-child\" data-id=\"f44f9a2\" data-element_type=\"container\" data-settings=\"{&quot;background_background&quot;:&quot;classic&quot;}\">\n\t\t\t\t\t<div class=\"e-con-inner\">\n\t\t<div class=\"elementor-element elementor-element-56d92e9 e-con-full e-flex e-con e-child\" data-id=\"56d92e9\" data-element_type=\"container\">\n\t\t\t\t<div class=\"elementor-element elementor-element-a2e82e0 elementor-widget elementor-widget-heading\" data-id=\"a2e82e0\" data-element_type=\"widget\" data-widget_type=\"heading.default\">\n\t\t\t\t<div class=\"elementor-widget-container\">\n\t\t\t\t\t<h2 class=\"elementor-heading-title elementor-size-default\">Por que Digitalizar Documentos?<\/h2>\t\t\t\t<\/div>\n\t\t\t\t<\/div>\n\t\t\t\t<div class=\"elementor-element elementor-element-b4d81e8 elementor-widget elementor-widget-text-editor\" data-id=\"b4d81e8\" data-element_type=\"widget\" data-widget_type=\"text-editor.default\">\n\t\t\t\t<div class=\"elementor-widget-container\">\n\t\t\t\t\t\t\t\t\t<p>A digitaliza\u00e7\u00e3o de documentos traz in\u00fameros benef\u00edcios, entre os quais:<\/p><ol><li><strong>Libera\u00e7\u00e3o de Espa\u00e7o F\u00edsico:<\/strong> A convers\u00e3o de arquivos f\u00edsicos para digitais reduz significativamente a necessidade de espa\u00e7o para armazenamento, permitindo uma melhor utiliza\u00e7\u00e3o dos ambientes e redu\u00e7\u00e3o de custos com infraestrutura.<\/li><\/ol><p>\u00a0<\/p><ol start=\"2\"><li><strong>Acesso e Colabora\u00e7\u00e3o Facilitados:<\/strong> Documentos digitalizados podem ser acessados remotamente, a qualquer momento, facilitando a colabora\u00e7\u00e3o entre equipes, mesmo que estejam geograficamente distribu\u00eddas. A facilidade de busca e recupera\u00e7\u00e3o de informa\u00e7\u00f5es agiliza processos e aumenta a produtividade.<\/li><\/ol>\t\t\t\t\t\t\t\t<\/div>\n\t\t\t\t<\/div>\n\t\t\t\t<\/div>\n\t\t<div class=\"elementor-element elementor-element-44e87aa e-con-full e-flex e-con e-child\" data-id=\"44e87aa\" data-element_type=\"container\">\n\t\t\t\t<div class=\"elementor-element elementor-element-7862fd1 elementor-widget elementor-widget-text-editor\" data-id=\"7862fd1\" data-element_type=\"widget\" data-widget_type=\"text-editor.default\">\n\t\t\t\t<div class=\"elementor-widget-container\">\n\t\t\t\t\t\t\t\t\t<ol start=\"3\"><li><strong>Preserva\u00e7\u00e3o e Seguran\u00e7a:<\/strong> Al\u00e9m de evitar o desgaste f\u00edsico, os documentos digitalizados s\u00e3o protegidos contra perdas decorrentes de sinistros, como inc\u00eandios ou inunda\u00e7\u00f5es. Com sistemas de seguran\u00e7a avan\u00e7ados, garante-se que somente pessoas autorizadas acessem informa\u00e7\u00f5es sens\u00edveis ou confidenciais.<\/li><\/ol><p>\u00a0<\/p><ol start=\"4\"><li><strong>Otimiza\u00e7\u00e3o do Tempo:<\/strong> A busca manual em arquivos f\u00edsicos \u00e9 substitu\u00edda por pesquisas r\u00e1pidas em sistemas digitais, proporcionando uma significativa economia de tempo e um aumento na efici\u00eancia operacional.<\/li><\/ol>\t\t\t\t\t\t\t\t<\/div>\n\t\t\t\t<\/div>\n\t\t\t\t<\/div>\n\t\t\t\t\t<\/div>\n\t\t\t\t<\/div>\n\t\t\t\t<\/div>\n\t\t<div class=\"elementor-element elementor-element-c4a29df e-con-full e-flex e-con e-parent\" data-id=\"c4a29df\" data-element_type=\"container\">\n\t\t<div class=\"elementor-element elementor-element-e6344d3 e-flex e-con-boxed e-con e-child\" data-id=\"e6344d3\" data-element_type=\"container\" data-settings=\"{&quot;background_background&quot;:&quot;classic&quot;}\">\n\t\t\t\t\t<div class=\"e-con-inner\">\n\t\t<div class=\"elementor-element elementor-element-e620348 e-con-full e-flex e-con e-child\" data-id=\"e620348\" data-element_type=\"container\">\n\t\t\t\t<div class=\"elementor-element elementor-element-c2eb938 elementor-widget elementor-widget-image\" data-id=\"c2eb938\" data-element_type=\"widget\" data-widget_type=\"image.default\">\n\t\t\t\t<div class=\"elementor-widget-container\">\n\t\t\t\t\t\t\t\t\t\t\t\t\t\t\t<img decoding=\"async\" width=\"300\" height=\"350\" src=\"https:\/\/imatec2.com.br\/wp-content\/uploads\/2024\/03\/2-2.png\" class=\"attachment-large size-large wp-image-1077\" alt=\"digitaliza\u00e7\u00e3o de documentos\" srcset=\"https:\/\/imatec2.com.br\/wp-content\/uploads\/2024\/03\/2-2.png 300w, https:\/\/imatec2.com.br\/wp-content\/uploads\/2024\/03\/2-2-257x300.png 257w\" sizes=\"(max-width: 300px) 100vw, 300px\" \/>\t\t\t\t\t\t\t\t\t\t\t\t\t\t\t<\/div>\n\t\t\t\t<\/div>\n\t\t\t\t<div class=\"elementor-element elementor-element-073c4e4 elementor-widget elementor-widget-image\" data-id=\"073c4e4\" data-element_type=\"widget\" data-widget_type=\"image.default\">\n\t\t\t\t<div class=\"elementor-widget-container\">\n\t\t\t\t\t\t\t\t\t\t\t\t\t\t\t<img loading=\"lazy\" decoding=\"async\" width=\"300\" height=\"350\" src=\"https:\/\/imatec2.com.br\/wp-content\/uploads\/2024\/03\/4.png\" class=\"attachment-large size-large wp-image-1078\" alt=\"digitaliza\u00e7\u00e3o de documentos\" srcset=\"https:\/\/imatec2.com.br\/wp-content\/uploads\/2024\/03\/4.png 300w, https:\/\/imatec2.com.br\/wp-content\/uploads\/2024\/03\/4-257x300.png 257w\" sizes=\"(max-width: 300px) 100vw, 300px\" \/>\t\t\t\t\t\t\t\t\t\t\t\t\t\t\t<\/div>\n\t\t\t\t<\/div>\n\t\t\t\t<\/div>\n\t\t<div class=\"elementor-element elementor-element-17153f8 e-con-full e-flex e-con e-child\" data-id=\"17153f8\" data-element_type=\"container\">\n\t\t\t\t<div class=\"elementor-element elementor-element-15a9005 elementor-widget elementor-widget-heading\" data-id=\"15a9005\" data-element_type=\"widget\" data-widget_type=\"heading.default\">\n\t\t\t\t<div class=\"elementor-widget-container\">\n\t\t\t\t\t<h2 class=\"elementor-heading-title elementor-size-default\">A Experi\u00eancia e o Compromisso da Imatec<\/h2>\t\t\t\t<\/div>\n\t\t\t\t<\/div>\n\t\t\t\t<div class=\"elementor-element elementor-element-a19f2d4 elementor-widget elementor-widget-text-editor\" data-id=\"a19f2d4\" data-element_type=\"widget\" data-widget_type=\"text-editor.default\">\n\t\t\t\t<div class=\"elementor-widget-container\">\n\t\t\t\t\t\t\t\t\t<p>A Imatec se destaca n\u00e3o apenas pela qualidade dos seus servi\u00e7os, mas tamb\u00e9m pelo compromisso com a seguran\u00e7a e a confidencialidade das informa\u00e7\u00f5es tratadas.&nbsp;<\/p><p>Utilizando tecnologia de ponta e seguindo protocolos rigorosos, a Imatec garante a integridade e a precis\u00e3o dos documentos digitalizados, oferecendo solu\u00e7\u00f5es personalizadas que atendem \u00e0s necessidades espec\u00edficas de cada cliente.<\/p>\n<p>Nossa equipe altamente qualificada est\u00e1 preparada para lidar com projetos de digitaliza\u00e7\u00e3o de todos os portes, desde grandes volumes de documentos at\u00e9 registros sens\u00edveis, assegurando a melhor experi\u00eancia e resultados superiores em todos os aspectos.<\/p>\t\t\t\t\t\t\t\t<\/div>\n\t\t\t\t<\/div>\n\t\t\t\t<\/div>\n\t\t\t\t\t<\/div>\n\t\t\t\t<\/div>\n\t\t\t\t<\/div>\n\t\t<div class=\"elementor-element elementor-element-60eab9a e-con-full e-flex e-con e-parent\" data-id=\"60eab9a\" data-element_type=\"container\">\n\t\t<div class=\"elementor-element elementor-element-2465047 e-flex e-con-boxed e-con e-child\" data-id=\"2465047\" data-element_type=\"container\" data-settings=\"{&quot;background_background&quot;:&quot;classic&quot;}\">\n\t\t\t\t\t<div class=\"e-con-inner\">\n\t\t\t\t<div class=\"elementor-element elementor-element-295534e elementor-widget elementor-widget-text-editor\" data-id=\"295534e\" data-element_type=\"widget\" data-widget_type=\"text-editor.default\">\n\t\t\t\t<div class=\"elementor-widget-container\">\n\t\t\t\t\t\t\t\t\t<p>A digitaliza\u00e7\u00e3o de documentos \u00e9 um passo fundamental na jornada da transforma\u00e7\u00e3o digital, permitindo que organiza\u00e7\u00f5es de todos os tamanhos e segmentos aumentem sua efici\u00eancia, melhorem a gest\u00e3o de informa\u00e7\u00f5es e estejam preparadas para os desafios do futuro.<\/p><p>Com a Imatec como parceira, empresas e institui\u00e7\u00f5es podem confiar em um servi\u00e7o de digitaliza\u00e7\u00e3o de documentos que combina expertise, qualidade e seguran\u00e7a, rumo a uma gest\u00e3o documental simplificada e eficaz.<\/p>\t\t\t\t\t\t\t\t<\/div>\n\t\t\t\t<\/div>\n\t\t\t\t\t<\/div>\n\t\t\t\t<\/div>\n\t\t\t\t<\/div>\n\t\t<div class=\"elementor-element elementor-element-ea7ebfc e-con-full e-flex e-con e-parent\" data-id=\"ea7ebfc\" data-element_type=\"container\">\n\t\t\t\t<div class=\"elementor-element elementor-element-36e58db elementor-widget elementor-widget-heading\" data-id=\"36e58db\" data-element_type=\"widget\" data-widget_type=\"heading.default\">\n\t\t\t\t<div class=\"elementor-widget-container\">\n\t\t\t\t\t<h2 class=\"elementor-heading-title elementor-size-default\">VEJA TAMB\u00c9M:<\/h2>\t\t\t\t<\/div>\n\t\t\t\t<\/div>\n\t\t\t\t<\/div>\n\t\t<div class=\"elementor-element elementor-element-bd36136 e-con-full e-flex e-con e-parent\" data-id=\"bd36136\" data-element_type=\"container\">\n\t\t\t\t<\/div>\n\t\t\t\t<\/div>\n\t\t","protected":false},"excerpt":{"rendered":"<p>A digitaliza\u00e7\u00e3o de documentos \u00e9 uma pr\u00e1tica essencial na era moderna, permitindo a convers\u00e3o de arquivos f\u00edsicos em imagens digitais e facilitando a gest\u00e3o e o acesso \u00e0s informa\u00e7\u00f5es. <\/p>\n","protected":false},"author":1,"featured_media":0,"parent":0,"menu_order":0,"comment_status":"closed","ping_status":"closed","template":"elementor_header_footer","meta":{"footnotes":""},"_links":{"self":[{"href":"https:\/\/imatec2.com.br\/index.php\/wp-json\/wp\/v2\/pages\/1133"}],"collection":[{"href":"https:\/\/imatec2.com.br\/index.php\/wp-json\/wp\/v2\/pages"}],"about":[{"href":"https:\/\/imatec2.com.br\/index.php\/wp-json\/wp\/v2\/types\/page"}],"author":[{"embeddable":true,"href":"https:\/\/imatec2.com.br\/index.php\/wp-json\/wp\/v2\/users\/1"}],"replies":[{"embeddable":true,"href":"https:\/\/imatec2.com.br\/index.php\/wp-json\/wp\/v2\/comments?post=1133"}],"version-history":[{"count":1,"href":"https:\/\/imatec2.com.br\/index.php\/wp-json\/wp\/v2\/pages\/1133\/revisions"}],"predecessor-version":[{"id":1857,"href":"https:\/\/imatec2.com.br\/index.php\/wp-json\/wp\/v2\/pages\/1133\/revisions\/1857"}],"wp:attachment":[{"href":"https:\/\/imatec2.com.br\/index.php\/wp-json\/wp\/v2\/media?parent=1133"}],"curies":[{"name":"wp","href":"https:\/\/api.w.org\/{rel}","templated":true}]}}