{"id":1319,"date":"2024-03-26T16:47:04","date_gmt":"2024-03-26T19:47:04","guid":{"rendered":"https:\/\/imatec2.com.br\/?page_id=1319"},"modified":"2024-04-01T11:19:27","modified_gmt":"2024-04-01T14:19:27","slug":"armazenamento-online","status":"publish","type":"page","link":"https:\/\/imatec2.com.br\/index.php\/armazenamento-online\/","title":{"rendered":"ARMAZENAMENTO ONLINE"},"content":{"rendered":"\t\t<div data-elementor-type=\"wp-page\" data-elementor-id=\"1319\" class=\"elementor elementor-1319\">\n\t\t\t\t<div class=\"elementor-element elementor-element-a15e7d1 e-con-full e-flex e-con e-parent\" data-id=\"a15e7d1\" data-element_type=\"container\" data-settings=\"{&quot;background_background&quot;:&quot;classic&quot;}\">\n\t\t\t\t<div class=\"elementor-element elementor-element-c1156ea elementor-widget__width-inherit elementor-widget elementor-widget-image\" data-id=\"c1156ea\" data-element_type=\"widget\" data-widget_type=\"image.default\">\n\t\t\t\t<div class=\"elementor-widget-container\">\n\t\t\t\t\t\t\t\t\t\t\t\t\t\t\t<img fetchpriority=\"high\" decoding=\"async\" width=\"1920\" height=\"650\" src=\"https:\/\/imatec2.com.br\/wp-content\/uploads\/2024\/03\/armazenamento-online.png\" class=\"attachment-full size-full wp-image-1321\" alt=\"armazenamento online\" srcset=\"https:\/\/imatec2.com.br\/wp-content\/uploads\/2024\/03\/armazenamento-online.png 1920w, https:\/\/imatec2.com.br\/wp-content\/uploads\/2024\/03\/armazenamento-online-300x102.png 300w, https:\/\/imatec2.com.br\/wp-content\/uploads\/2024\/03\/armazenamento-online-1024x347.png 1024w, https:\/\/imatec2.com.br\/wp-content\/uploads\/2024\/03\/armazenamento-online-768x260.png 768w, https:\/\/imatec2.com.br\/wp-content\/uploads\/2024\/03\/armazenamento-online-1536x520.png 1536w\" sizes=\"(max-width: 1920px) 100vw, 1920px\" \/>\t\t\t\t\t\t\t\t\t\t\t\t\t\t\t<\/div>\n\t\t\t\t<\/div>\n\t\t\t\t<\/div>\n\t\t<div class=\"elementor-element elementor-element-ff29f2c e-con-full e-flex e-con e-parent\" data-id=\"ff29f2c\" data-element_type=\"container\">\n\t\t\t\t<div class=\"elementor-element elementor-element-781d367 elementor-widget elementor-widget-heading\" data-id=\"781d367\" data-element_type=\"widget\" data-widget_type=\"heading.default\">\n\t\t\t\t<div class=\"elementor-widget-container\">\n\t\t\t\t\t<h2 class=\"elementor-heading-title elementor-size-default\">Gest\u00e3o Documental Online: Efici\u00eancia, Seguran\u00e7a e Economia para sua Empresa<\/h2>\t\t\t\t<\/div>\n\t\t\t\t<\/div>\n\t\t\t\t<\/div>\n\t\t<div class=\"elementor-element elementor-element-4b73066 e-flex e-con-boxed e-con e-parent\" data-id=\"4b73066\" data-element_type=\"container\">\n\t\t\t\t\t<div class=\"e-con-inner\">\n\t\t<div class=\"elementor-element elementor-element-829f3f1 e-con-full e-flex e-con e-child\" data-id=\"829f3f1\" data-element_type=\"container\">\n\t\t\t\t<div class=\"elementor-element elementor-element-8e6fb8c elementor-widget elementor-widget-image\" data-id=\"8e6fb8c\" data-element_type=\"widget\" data-widget_type=\"image.default\">\n\t\t\t\t<div class=\"elementor-widget-container\">\n\t\t\t\t\t\t\t\t\t\t\t\t\t\t\t<img decoding=\"async\" width=\"800\" height=\"671\" src=\"https:\/\/imatec2.com.br\/wp-content\/uploads\/2024\/03\/gestao-documental.png\" class=\"attachment-large size-large wp-image-1331\" alt=\"gest\u00e3o documental\" srcset=\"https:\/\/imatec2.com.br\/wp-content\/uploads\/2024\/03\/gestao-documental.png 940w, https:\/\/imatec2.com.br\/wp-content\/uploads\/2024\/03\/gestao-documental-300x251.png 300w, https:\/\/imatec2.com.br\/wp-content\/uploads\/2024\/03\/gestao-documental-768x644.png 768w\" sizes=\"(max-width: 800px) 100vw, 800px\" \/>\t\t\t\t\t\t\t\t\t\t\t\t\t\t\t<\/div>\n\t\t\t\t<\/div>\n\t\t\t\t<\/div>\n\t\t<div class=\"elementor-element elementor-element-932c98b e-con-full e-flex e-con e-child\" data-id=\"932c98b\" data-element_type=\"container\">\n\t\t\t\t<div class=\"elementor-element elementor-element-43a8f72 elementor-widget elementor-widget-text-editor\" data-id=\"43a8f72\" data-element_type=\"widget\" data-widget_type=\"text-editor.default\">\n\t\t\t\t<div class=\"elementor-widget-container\">\n\t\t\t\t\t\t\t\t\t<p>No contexto atual, onde a agilidade e seguran\u00e7a na gest\u00e3o de informa\u00e7\u00f5es s\u00e3o vitais, a Imatec se destaca oferecendo solu\u00e7\u00f5es completas de armazenamento, organiza\u00e7\u00e3o, consulta, busca e preserva\u00e7\u00e3o de documentos e dados online.<\/p><p>Vamos explorar como nossos servi\u00e7os podem revolucionar a forma como sua empresa lida com sua documenta\u00e7\u00e3o.<\/p>\t\t\t\t\t\t\t\t<\/div>\n\t\t\t\t<\/div>\n\t\t\t\t<\/div>\n\t\t\t\t\t<\/div>\n\t\t\t\t<\/div>\n\t\t<div class=\"elementor-element elementor-element-f73364d e-con-full e-flex e-con e-parent\" data-id=\"f73364d\" data-element_type=\"container\">\n\t\t<div class=\"elementor-element elementor-element-e0aba41 e-con-full e-flex e-con e-child\" data-id=\"e0aba41\" data-element_type=\"container\">\n\t\t\t\t<div class=\"elementor-element elementor-element-65f77be elementor-widget elementor-widget-heading\" data-id=\"65f77be\" data-element_type=\"widget\" data-widget_type=\"heading.default\">\n\t\t\t\t<div class=\"elementor-widget-container\">\n\t\t\t\t\t<h2 class=\"elementor-heading-title elementor-size-default\">Armazenamento Online Avan\u00e7ado:<\/h2>\t\t\t\t<\/div>\n\t\t\t\t<\/div>\n\t\t\t\t<div class=\"elementor-element elementor-element-e0b93de elementor-widget elementor-widget-text-editor\" data-id=\"e0b93de\" data-element_type=\"widget\" data-widget_type=\"text-editor.default\">\n\t\t\t\t<div class=\"elementor-widget-container\">\n\t\t\t\t\t\t\t\t\t<p>Com nosso sistema de armazenamento online avan\u00e7ado, seus documentos est\u00e3o acess\u00edveis a qualquer momento e de qualquer lugar via Web.\u00a0<\/p><p>Al\u00e9m da praticidade, oferecemos backups autom\u00e1ticos para garantir a seguran\u00e7a de seus dados, enquanto voc\u00ea desfruta de uma redu\u00e7\u00e3o significativa nos custos operacionais.<\/p>\t\t\t\t\t\t\t\t<\/div>\n\t\t\t\t<\/div>\n\t\t\t\t<\/div>\n\t\t<div class=\"elementor-element elementor-element-3b41d05 e-con-full e-flex e-con e-child\" data-id=\"3b41d05\" data-element_type=\"container\" data-settings=\"{&quot;background_background&quot;:&quot;classic&quot;}\">\n\t\t\t\t<div class=\"elementor-element elementor-element-85607fb elementor-widget elementor-widget-image\" data-id=\"85607fb\" data-element_type=\"widget\" data-widget_type=\"image.default\">\n\t\t\t\t<div class=\"elementor-widget-container\">\n\t\t\t\t\t\t\t\t\t\t\t\t\t\t\t<img decoding=\"async\" width=\"300\" height=\"251\" src=\"https:\/\/imatec2.com.br\/wp-content\/uploads\/2024\/03\/armazenamento-online-2-300x251.png\" class=\"attachment-medium size-medium wp-image-1323\" alt=\"armazenamento online\" srcset=\"https:\/\/imatec2.com.br\/wp-content\/uploads\/2024\/03\/armazenamento-online-2-300x251.png 300w, https:\/\/imatec2.com.br\/wp-content\/uploads\/2024\/03\/armazenamento-online-2-768x644.png 768w, https:\/\/imatec2.com.br\/wp-content\/uploads\/2024\/03\/armazenamento-online-2.png 940w\" sizes=\"(max-width: 300px) 100vw, 300px\" \/>\t\t\t\t\t\t\t\t\t\t\t\t\t\t\t<\/div>\n\t\t\t\t<\/div>\n\t\t\t\t<\/div>\n\t\t\t\t<\/div>\n\t\t<div class=\"elementor-element elementor-element-d83b2be e-con-full e-flex e-con e-parent\" data-id=\"d83b2be\" data-element_type=\"container\">\n\t\t<div class=\"elementor-element elementor-element-96c8141 e-con-full e-flex e-con e-child\" data-id=\"96c8141\" data-element_type=\"container\">\n\t\t\t\t<div class=\"elementor-element elementor-element-52b7faf elementor-widget elementor-widget-image\" data-id=\"52b7faf\" data-element_type=\"widget\" data-widget_type=\"image.default\">\n\t\t\t\t<div class=\"elementor-widget-container\">\n\t\t\t\t\t\t\t\t\t\t\t\t\t\t\t<img loading=\"lazy\" decoding=\"async\" width=\"300\" height=\"251\" src=\"https:\/\/imatec2.com.br\/wp-content\/uploads\/2024\/03\/organizacao-e-idenfificacao-300x251.png\" class=\"attachment-medium size-medium wp-image-1324\" alt=\"organiza\u00e7\u00e3o e identifica\u00e7\u00e3o\" srcset=\"https:\/\/imatec2.com.br\/wp-content\/uploads\/2024\/03\/organizacao-e-idenfificacao-300x251.png 300w, https:\/\/imatec2.com.br\/wp-content\/uploads\/2024\/03\/organizacao-e-idenfificacao-768x644.png 768w, https:\/\/imatec2.com.br\/wp-content\/uploads\/2024\/03\/organizacao-e-idenfificacao.png 940w\" sizes=\"(max-width: 300px) 100vw, 300px\" \/>\t\t\t\t\t\t\t\t\t\t\t\t\t\t\t<\/div>\n\t\t\t\t<\/div>\n\t\t\t\t<\/div>\n\t\t<div class=\"elementor-element elementor-element-1d67b4a e-con-full e-flex e-con e-child\" data-id=\"1d67b4a\" data-element_type=\"container\">\n\t\t\t\t<div class=\"elementor-element elementor-element-7606524 elementor-widget elementor-widget-heading\" data-id=\"7606524\" data-element_type=\"widget\" data-widget_type=\"heading.default\">\n\t\t\t\t<div class=\"elementor-widget-container\">\n\t\t\t\t\t<h2 class=\"elementor-heading-title elementor-size-default\">Organiza\u00e7\u00e3o e Identifica\u00e7\u00e3o Eficientes:<\/h2>\t\t\t\t<\/div>\n\t\t\t\t<\/div>\n\t\t\t\t<div class=\"elementor-element elementor-element-ae642d9 elementor-widget elementor-widget-text-editor\" data-id=\"ae642d9\" data-element_type=\"widget\" data-widget_type=\"text-editor.default\">\n\t\t\t\t<div class=\"elementor-widget-container\">\n\t\t\t\t\t\t\t\t\t<p>Utilizamos t\u00e9cnicas modernas de organiza\u00e7\u00e3o, incluindo caixas padronizadas e etiquetas com c\u00f3digos de barras para identifica\u00e7\u00e3o precisa de seus documentos, tanto f\u00edsicos quanto digitais.&nbsp;<\/p><p>Isso facilita as buscas quando necess\u00e1rio e garante a seguran\u00e7a de suas informa\u00e7\u00f5es, movimentadas apenas por pessoal credenciado.<\/p>\t\t\t\t\t\t\t\t<\/div>\n\t\t\t\t<\/div>\n\t\t\t\t<\/div>\n\t\t\t\t<\/div>\n\t\t<div class=\"elementor-element elementor-element-ac5fb30 e-con-full e-flex e-con e-parent\" data-id=\"ac5fb30\" data-element_type=\"container\">\n\t\t<div class=\"elementor-element elementor-element-26cbb4b e-con-full e-flex e-con e-child\" data-id=\"26cbb4b\" data-element_type=\"container\">\n\t\t\t\t<div class=\"elementor-element elementor-element-0a180fe elementor-widget elementor-widget-heading\" data-id=\"0a180fe\" data-element_type=\"widget\" data-widget_type=\"heading.default\">\n\t\t\t\t<div class=\"elementor-widget-container\">\n\t\t\t\t\t<h2 class=\"elementor-heading-title elementor-size-default\">Consulta R\u00e1pida e Eficiente:\n\n<\/h2>\t\t\t\t<\/div>\n\t\t\t\t<\/div>\n\t\t\t\t<div class=\"elementor-element elementor-element-3cd0ef5 elementor-widget elementor-widget-text-editor\" data-id=\"3cd0ef5\" data-element_type=\"widget\" data-widget_type=\"text-editor.default\">\n\t\t\t\t<div class=\"elementor-widget-container\">\n\t\t\t\t\t\t\t\t\t<p>Nossa infraestrutura \u00e9 projetada para oferecer ambientes seguros e adequados para a guarda de documentos, permitindo consultas r\u00e1pidas e eficientes.\u00a0<\/p><p>Isso otimiza o tempo de sua equipe, melhorando a produtividade e efic\u00e1cia em suas opera\u00e7\u00f5es di\u00e1rias.<\/p>\t\t\t\t\t\t\t\t<\/div>\n\t\t\t\t<\/div>\n\t\t\t\t<\/div>\n\t\t<div class=\"elementor-element elementor-element-0589971 e-con-full e-flex e-con e-child\" data-id=\"0589971\" data-element_type=\"container\">\n\t\t\t\t<div class=\"elementor-element elementor-element-568f021 elementor-widget elementor-widget-image\" data-id=\"568f021\" data-element_type=\"widget\" data-widget_type=\"image.default\">\n\t\t\t\t<div class=\"elementor-widget-container\">\n\t\t\t\t\t\t\t\t\t\t\t\t\t\t\t<img loading=\"lazy\" decoding=\"async\" width=\"300\" height=\"251\" src=\"https:\/\/imatec2.com.br\/wp-content\/uploads\/2024\/03\/consulta-rapida-300x251.png\" class=\"attachment-medium size-medium wp-image-1325\" alt=\"\" srcset=\"https:\/\/imatec2.com.br\/wp-content\/uploads\/2024\/03\/consulta-rapida-300x251.png 300w, https:\/\/imatec2.com.br\/wp-content\/uploads\/2024\/03\/consulta-rapida-768x644.png 768w, https:\/\/imatec2.com.br\/wp-content\/uploads\/2024\/03\/consulta-rapida.png 940w\" sizes=\"(max-width: 300px) 100vw, 300px\" \/>\t\t\t\t\t\t\t\t\t\t\t\t\t\t\t<\/div>\n\t\t\t\t<\/div>\n\t\t\t\t<\/div>\n\t\t\t\t<\/div>\n\t\t<div class=\"elementor-element elementor-element-b89227c e-con-full e-flex e-con e-parent\" data-id=\"b89227c\" data-element_type=\"container\">\n\t\t<div class=\"elementor-element elementor-element-d10dfdf e-con-full e-flex e-con e-child\" data-id=\"d10dfdf\" data-element_type=\"container\">\n\t\t\t\t<div class=\"elementor-element elementor-element-ce4ed46 elementor-widget elementor-widget-image\" data-id=\"ce4ed46\" data-element_type=\"widget\" data-widget_type=\"image.default\">\n\t\t\t\t<div class=\"elementor-widget-container\">\n\t\t\t\t\t\t\t\t\t\t\t\t\t\t\t<img loading=\"lazy\" decoding=\"async\" width=\"300\" height=\"251\" src=\"https:\/\/imatec2.com.br\/wp-content\/uploads\/2024\/03\/busca-precisa-300x251.png\" class=\"attachment-medium size-medium wp-image-1326\" alt=\"busca precisa de informa\u00e7\u00f5es\" srcset=\"https:\/\/imatec2.com.br\/wp-content\/uploads\/2024\/03\/busca-precisa-300x251.png 300w, https:\/\/imatec2.com.br\/wp-content\/uploads\/2024\/03\/busca-precisa-768x644.png 768w, https:\/\/imatec2.com.br\/wp-content\/uploads\/2024\/03\/busca-precisa.png 940w\" sizes=\"(max-width: 300px) 100vw, 300px\" \/>\t\t\t\t\t\t\t\t\t\t\t\t\t\t\t<\/div>\n\t\t\t\t<\/div>\n\t\t\t\t<\/div>\n\t\t<div class=\"elementor-element elementor-element-d1acdf7 e-con-full e-flex e-con e-child\" data-id=\"d1acdf7\" data-element_type=\"container\">\n\t\t\t\t<div class=\"elementor-element elementor-element-6d2b6e3 elementor-widget elementor-widget-heading\" data-id=\"6d2b6e3\" data-element_type=\"widget\" data-widget_type=\"heading.default\">\n\t\t\t\t<div class=\"elementor-widget-container\">\n\t\t\t\t\t<h2 class=\"elementor-heading-title elementor-size-default\">Busca Precisa de Informa\u00e7\u00f5es:<\/h2>\t\t\t\t<\/div>\n\t\t\t\t<\/div>\n\t\t\t\t<div class=\"elementor-element elementor-element-bc7a0aa elementor-widget elementor-widget-text-editor\" data-id=\"bc7a0aa\" data-element_type=\"widget\" data-widget_type=\"text-editor.default\">\n\t\t\t\t<div class=\"elementor-widget-container\">\n\t\t\t\t\t\t\t\t\t<p>Facilitamos a busca de informa\u00e7\u00f5es atrav\u00e9s de sistemas de armazenamento adequados e categoriza\u00e7\u00e3o eficiente.\u00a0<\/p><p>Com nossas solu\u00e7\u00f5es, voc\u00ea pode encontrar o que precisa de forma r\u00e1pida e precisa, garantindo uma maior efici\u00eancia em suas tarefas.<\/p>\t\t\t\t\t\t\t\t<\/div>\n\t\t\t\t<\/div>\n\t\t\t\t<\/div>\n\t\t\t\t<\/div>\n\t\t<div class=\"elementor-element elementor-element-f6676b2 e-con-full e-flex e-con e-parent\" data-id=\"f6676b2\" data-element_type=\"container\">\n\t\t<div class=\"elementor-element elementor-element-51cf543 e-con-full e-flex e-con e-child\" data-id=\"51cf543\" data-element_type=\"container\">\n\t\t\t\t<div class=\"elementor-element elementor-element-65fa180 elementor-widget elementor-widget-heading\" data-id=\"65fa180\" data-element_type=\"widget\" data-widget_type=\"heading.default\">\n\t\t\t\t<div class=\"elementor-widget-container\">\n\t\t\t\t\t<h2 class=\"elementor-heading-title elementor-size-default\">Preserva\u00e7\u00e3o e Backup Garantidos:<\/h2>\t\t\t\t<\/div>\n\t\t\t\t<\/div>\n\t\t\t\t<div class=\"elementor-element elementor-element-8d224d3 elementor-widget elementor-widget-text-editor\" data-id=\"8d224d3\" data-element_type=\"widget\" data-widget_type=\"text-editor.default\">\n\t\t\t\t<div class=\"elementor-widget-container\">\n\t\t\t\t\t\t\t\t\t<p>Reconhecemos a import\u00e2ncia da preserva\u00e7\u00e3o de informa\u00e7\u00f5es.\u00a0<\/p><p>Por isso, oferecemos solu\u00e7\u00f5es seguras e confidenciais, garantindo o acesso f\u00e1cil e seguro aos seus documentos.\u00a0<\/p><p>Al\u00e9m disso, nossos servi\u00e7os incluem backup permanente dos registros cr\u00edticos de neg\u00f3cios, assegurando a tranquilidade e evitando preju\u00edzos decorrentes de perda de dados.<\/p>\t\t\t\t\t\t\t\t<\/div>\n\t\t\t\t<\/div>\n\t\t\t\t<\/div>\n\t\t<div class=\"elementor-element elementor-element-cbb568d e-con-full e-flex e-con e-child\" data-id=\"cbb568d\" data-element_type=\"container\">\n\t\t\t\t<div class=\"elementor-element elementor-element-c95fb01 elementor-widget elementor-widget-image\" data-id=\"c95fb01\" data-element_type=\"widget\" data-widget_type=\"image.default\">\n\t\t\t\t<div class=\"elementor-widget-container\">\n\t\t\t\t\t\t\t\t\t\t\t\t\t\t\t<img loading=\"lazy\" decoding=\"async\" width=\"300\" height=\"251\" src=\"https:\/\/imatec2.com.br\/wp-content\/uploads\/2024\/03\/preservacao-e-backup-300x251.png\" class=\"attachment-medium size-medium wp-image-1327\" alt=\"\" srcset=\"https:\/\/imatec2.com.br\/wp-content\/uploads\/2024\/03\/preservacao-e-backup-300x251.png 300w, https:\/\/imatec2.com.br\/wp-content\/uploads\/2024\/03\/preservacao-e-backup-768x644.png 768w, https:\/\/imatec2.com.br\/wp-content\/uploads\/2024\/03\/preservacao-e-backup.png 940w\" sizes=\"(max-width: 300px) 100vw, 300px\" \/>\t\t\t\t\t\t\t\t\t\t\t\t\t\t\t<\/div>\n\t\t\t\t<\/div>\n\t\t\t\t<\/div>\n\t\t\t\t<\/div>\n\t\t<div class=\"elementor-element elementor-element-f0f733d e-con-full e-flex e-con e-parent\" data-id=\"f0f733d\" data-element_type=\"container\">\n\t\t\t\t<div class=\"elementor-element elementor-element-73ace80 elementor-widget elementor-widget-text-editor\" data-id=\"73ace80\" data-element_type=\"widget\" data-widget_type=\"text-editor.default\">\n\t\t\t\t<div class=\"elementor-widget-container\">\n\t\t\t\t\t\t\t\t\t<p>Em suma, a Imatec \u00e9 sua parceira ideal para uma gest\u00e3o documental eficaz na era digital.\u00a0<\/p><p>Com nossas solu\u00e7\u00f5es abrangentes, sua empresa pode desfrutar de efici\u00eancia, seguran\u00e7a e economia, permitindo que voc\u00ea se concentre no crescimento e sucesso de seus neg\u00f3cios.<\/p>\t\t\t\t\t\t\t\t<\/div>\n\t\t\t\t<\/div>\n\t\t\t\t<\/div>\n\t\t<div class=\"elementor-element elementor-element-4537239 e-flex e-con-boxed e-con e-parent\" data-id=\"4537239\" data-element_type=\"container\">\n\t\t\t\t\t<div class=\"e-con-inner\">\n\t\t<div class=\"elementor-element elementor-element-81d5d5d e-flex e-con-boxed e-con e-child\" data-id=\"81d5d5d\" data-element_type=\"container\">\n\t\t\t\t\t<div class=\"e-con-inner\">\n\t\t<div class=\"elementor-element elementor-element-e08c329 e-con-full e-flex e-con e-child\" data-id=\"e08c329\" data-element_type=\"container\">\n\t\t\t\t<div class=\"elementor-element elementor-element-fd94553 elementor-widget elementor-widget-heading\" data-id=\"fd94553\" data-element_type=\"widget\" data-widget_type=\"heading.default\">\n\t\t\t\t<div class=\"elementor-widget-container\">\n\t\t\t\t\t<h2 class=\"elementor-heading-title elementor-size-default\">VEJA TAMB\u00c9M:<\/h2>\t\t\t\t<\/div>\n\t\t\t\t<\/div>\n\t\t\t\t<\/div>\n\t\t\t\t\t<\/div>\n\t\t\t\t<\/div>\n\t\t\t\t\t<\/div>\n\t\t\t\t<\/div>\n\t\t<div class=\"elementor-element elementor-element-452736b e-flex e-con-boxed e-con e-parent\" data-id=\"452736b\" data-element_type=\"container\">\n\t\t\t\t\t<div class=\"e-con-inner\">\n\t\t<div class=\"elementor-element elementor-element-5bad9d5 e-flex e-con-boxed e-con e-child\" data-id=\"5bad9d5\" data-element_type=\"container\">\n\t\t\t\t\t<div class=\"e-con-inner\">\n\t\t<div class=\"elementor-element elementor-element-9b449ae e-con-full e-flex e-con e-child\" data-id=\"9b449ae\" data-element_type=\"container\">\n\t\t\t\t<\/div>\n\t\t\t\t\t<\/div>\n\t\t\t\t<\/div>\n\t\t\t\t\t<\/div>\n\t\t\t\t<\/div>\n\t\t\t\t<\/div>\n\t\t","protected":false},"excerpt":{"rendered":"<p>Contamos com um sistema avan\u00e7ado de armazenamento de documentos online, assim nossos usu\u00e1rios podem ter acesso aos arquivos de forma \u00e1gil e muito segura, via Web. <\/p>\n","protected":false},"author":1,"featured_media":0,"parent":0,"menu_order":0,"comment_status":"closed","ping_status":"closed","template":"elementor_header_footer","meta":{"footnotes":""},"_links":{"self":[{"href":"https:\/\/imatec2.com.br\/index.php\/wp-json\/wp\/v2\/pages\/1319"}],"collection":[{"href":"https:\/\/imatec2.com.br\/index.php\/wp-json\/wp\/v2\/pages"}],"about":[{"href":"https:\/\/imatec2.com.br\/index.php\/wp-json\/wp\/v2\/types\/page"}],"author":[{"embeddable":true,"href":"https:\/\/imatec2.com.br\/index.php\/wp-json\/wp\/v2\/users\/1"}],"replies":[{"embeddable":true,"href":"https:\/\/imatec2.com.br\/index.php\/wp-json\/wp\/v2\/comments?post=1319"}],"version-history":[{"count":1,"href":"https:\/\/imatec2.com.br\/index.php\/wp-json\/wp\/v2\/pages\/1319\/revisions"}],"predecessor-version":[{"id":1854,"href":"https:\/\/imatec2.com.br\/index.php\/wp-json\/wp\/v2\/pages\/1319\/revisions\/1854"}],"wp:attachment":[{"href":"https:\/\/imatec2.com.br\/index.php\/wp-json\/wp\/v2\/media?parent=1319"}],"curies":[{"name":"wp","href":"https:\/\/api.w.org\/{rel}","templated":true}]}}