{"id":1461,"date":"2024-03-27T14:53:31","date_gmt":"2024-03-27T17:53:31","guid":{"rendered":"https:\/\/imatec2.com.br\/?page_id=1461"},"modified":"2024-04-01T11:22:58","modified_gmt":"2024-04-01T14:22:58","slug":"bpo-service","status":"publish","type":"page","link":"https:\/\/imatec2.com.br\/index.php\/bpo-service\/","title":{"rendered":"BPO SERVICE"},"content":{"rendered":"\t\t<div data-elementor-type=\"wp-page\" data-elementor-id=\"1461\" class=\"elementor elementor-1461\">\n\t\t\t\t<div class=\"elementor-element elementor-element-1b97335 e-con-full e-flex e-con e-parent\" data-id=\"1b97335\" data-element_type=\"container\" data-settings=\"{&quot;background_background&quot;:&quot;classic&quot;}\">\n\t\t\t\t<div class=\"elementor-element elementor-element-3bb005e elementor-widget__width-inherit elementor-widget elementor-widget-image\" data-id=\"3bb005e\" data-element_type=\"widget\" data-widget_type=\"image.default\">\n\t\t\t\t<div class=\"elementor-widget-container\">\n\t\t\t\t\t\t\t\t\t\t\t\t\t\t\t<img fetchpriority=\"high\" decoding=\"async\" width=\"1920\" height=\"650\" src=\"https:\/\/imatec2.com.br\/wp-content\/uploads\/2024\/03\/bpo-service-2.png\" class=\"attachment-full size-full wp-image-1463\" alt=\"bpo-service\" srcset=\"https:\/\/imatec2.com.br\/wp-content\/uploads\/2024\/03\/bpo-service-2.png 1920w, https:\/\/imatec2.com.br\/wp-content\/uploads\/2024\/03\/bpo-service-2-300x102.png 300w, https:\/\/imatec2.com.br\/wp-content\/uploads\/2024\/03\/bpo-service-2-1024x347.png 1024w, https:\/\/imatec2.com.br\/wp-content\/uploads\/2024\/03\/bpo-service-2-768x260.png 768w, https:\/\/imatec2.com.br\/wp-content\/uploads\/2024\/03\/bpo-service-2-1536x520.png 1536w\" sizes=\"(max-width: 1920px) 100vw, 1920px\" \/>\t\t\t\t\t\t\t\t\t\t\t\t\t\t\t<\/div>\n\t\t\t\t<\/div>\n\t\t\t\t<\/div>\n\t\t<div class=\"elementor-element elementor-element-b35a305 e-con-full e-flex e-con e-parent\" data-id=\"b35a305\" data-element_type=\"container\">\n\t\t\t\t<div class=\"elementor-element elementor-element-d924547 elementor-widget elementor-widget-heading\" data-id=\"d924547\" data-element_type=\"widget\" data-widget_type=\"heading.default\">\n\t\t\t\t<div class=\"elementor-widget-container\">\n\t\t\t\t\t<h2 class=\"elementor-heading-title elementor-size-default\">BPO (Business Process Outsourcing): A Excel\u00eancia na Terceiriza\u00e7\u00e3o de Processos Empresariais<\/h2>\t\t\t\t<\/div>\n\t\t\t\t<\/div>\n\t\t<div class=\"elementor-element elementor-element-0088b85 e-flex e-con-boxed e-con e-child\" data-id=\"0088b85\" data-element_type=\"container\">\n\t\t\t\t\t<div class=\"e-con-inner\">\n\t\t\t\t<div class=\"elementor-element elementor-element-d5a8975 elementor-widget elementor-widget-image\" data-id=\"d5a8975\" data-element_type=\"widget\" data-widget_type=\"image.default\">\n\t\t\t\t<div class=\"elementor-widget-container\">\n\t\t\t\t\t\t\t\t\t\t\t\t\t\t\t<img decoding=\"async\" width=\"600\" height=\"300\" src=\"https:\/\/imatec2.com.br\/wp-content\/uploads\/2024\/03\/bpo-service-3.png\" class=\"attachment-medium_large size-medium_large wp-image-1465\" alt=\"\" srcset=\"https:\/\/imatec2.com.br\/wp-content\/uploads\/2024\/03\/bpo-service-3.png 600w, https:\/\/imatec2.com.br\/wp-content\/uploads\/2024\/03\/bpo-service-3-300x150.png 300w\" sizes=\"(max-width: 600px) 100vw, 600px\" \/>\t\t\t\t\t\t\t\t\t\t\t\t\t\t\t<\/div>\n\t\t\t\t<\/div>\n\t\t\t\t<div class=\"elementor-element elementor-element-8f5edbd elementor-widget elementor-widget-text-editor\" data-id=\"8f5edbd\" data-element_type=\"widget\" data-widget_type=\"text-editor.default\">\n\t\t\t\t<div class=\"elementor-widget-container\">\n\t\t\t\t\t\t\t\t\t<p>O Business Process Outsourcing (BPO) \u00e9 uma estrat\u00e9gia vital adotada por empresas para otimizar suas opera\u00e7\u00f5es e focar em suas atividades essenciais.<\/p><p>A Imatec, l\u00edder com mais de 30 anos de experi\u00eancia em servi\u00e7os de digitaliza\u00e7\u00e3o e gest\u00e3o documental, destaca-se nesse campo, oferecendo solu\u00e7\u00f5es de BPO que impulsionam a excel\u00eancia operacional.<\/p>\t\t\t\t\t\t\t\t<\/div>\n\t\t\t\t<\/div>\n\t\t\t\t\t<\/div>\n\t\t\t\t<\/div>\n\t\t\t\t<\/div>\n\t\t<div class=\"elementor-element elementor-element-786e45f e-flex e-con-boxed e-con e-parent\" data-id=\"786e45f\" data-element_type=\"container\">\n\t\t\t\t\t<div class=\"e-con-inner\">\n\t\t<div class=\"elementor-element elementor-element-84fcbf4 e-con-full e-flex e-con e-child\" data-id=\"84fcbf4\" data-element_type=\"container\">\n\t\t\t\t<div class=\"elementor-element elementor-element-229ed80 elementor-widget elementor-widget-heading\" data-id=\"229ed80\" data-element_type=\"widget\" data-widget_type=\"heading.default\">\n\t\t\t\t<div class=\"elementor-widget-container\">\n\t\t\t\t\t<h2 class=\"elementor-heading-title elementor-size-default\">Entendendo o BPO:<\/h2>\t\t\t\t<\/div>\n\t\t\t\t<\/div>\n\t\t\t\t<div class=\"elementor-element elementor-element-3be420d elementor-widget elementor-widget-text-editor\" data-id=\"3be420d\" data-element_type=\"widget\" data-widget_type=\"text-editor.default\">\n\t\t\t\t<div class=\"elementor-widget-container\">\n\t\t\t\t\t\t\t\t\t<p>O BPO envolve a transfer\u00eancia de opera\u00e7\u00f5es e responsabilidades de fun\u00e7\u00f5es espec\u00edficas para um provedor de servi\u00e7os terceirizado, como a Imatec.<\/p><p>Essa abordagem permite que as empresas concentrem seus recursos nas \u00e1reas estrat\u00e9gicas, enquanto parceiros especializados cuidam das atividades operacionais.<\/p>\t\t\t\t\t\t\t\t<\/div>\n\t\t\t\t<\/div>\n\t\t\t\t<\/div>\n\t\t<div class=\"elementor-element elementor-element-0116bff e-con-full e-flex e-con e-child\" data-id=\"0116bff\" data-element_type=\"container\">\n\t\t\t\t<div class=\"elementor-element elementor-element-f04da5a elementor-widget elementor-widget-heading\" data-id=\"f04da5a\" data-element_type=\"widget\" data-widget_type=\"heading.default\">\n\t\t\t\t<div class=\"elementor-widget-container\">\n\t\t\t\t\t<h2 class=\"elementor-heading-title elementor-size-default\">Papel da Imatec no BPO:<\/h2>\t\t\t\t<\/div>\n\t\t\t\t<\/div>\n\t\t\t\t<div class=\"elementor-element elementor-element-609430e elementor-widget elementor-widget-text-editor\" data-id=\"609430e\" data-element_type=\"widget\" data-widget_type=\"text-editor.default\">\n\t\t\t\t<div class=\"elementor-widget-container\">\n\t\t\t\t\t\t\t\t\t<p>Trabalhando em colabora\u00e7\u00e3o pr\u00f3xima com as empresas, a Imatec identifica quais processos podem ser terceirizados com sucesso.<\/p><p>Com sua expertise, desenvolve e implementa solu\u00e7\u00f5es de terceiriza\u00e7\u00e3o alinhadas aos objetivos comerciais de seus clientes.<\/p>\t\t\t\t\t\t\t\t<\/div>\n\t\t\t\t<\/div>\n\t\t\t\t<\/div>\n\t\t\t\t\t<\/div>\n\t\t\t\t<\/div>\n\t\t<div class=\"elementor-element elementor-element-3c56ff2 e-con-full e-flex e-con e-parent\" data-id=\"3c56ff2\" data-element_type=\"container\">\n\t\t\t\t<div class=\"elementor-element elementor-element-5597648 elementor-widget elementor-widget-heading\" data-id=\"5597648\" data-element_type=\"widget\" data-widget_type=\"heading.default\">\n\t\t\t\t<div class=\"elementor-widget-container\">\n\t\t\t\t\t<h2 class=\"elementor-heading-title elementor-size-default\">Excel\u00eancia e Otimiza\u00e7\u00e3o de Processos:<\/h2>\t\t\t\t<\/div>\n\t\t\t\t<\/div>\n\t\t\t\t<\/div>\n\t\t<div class=\"elementor-element elementor-element-f63d8aa e-con-full e-flex e-con e-parent\" data-id=\"f63d8aa\" data-element_type=\"container\">\n\t\t<div class=\"elementor-element elementor-element-c9d056a e-con-full e-flex e-con e-child\" data-id=\"c9d056a\" data-element_type=\"container\">\n\t\t\t\t<div class=\"elementor-element elementor-element-5b4bad5 elementor-widget elementor-widget-text-editor\" data-id=\"5b4bad5\" data-element_type=\"widget\" data-widget_type=\"text-editor.default\">\n\t\t\t\t<div class=\"elementor-widget-container\">\n\t\t\t\t\t\t\t\t\t<p>A Imatec vai al\u00e9m da simples terceiriza\u00e7\u00e3o; busca constantemente otimizar os processos de seus clientes.<\/p><p>Ao aplicar melhores pr\u00e1ticas e ferramentas, garante qualidade, efici\u00eancia e redu\u00e7\u00e3o de custos em todas as etapas.<\/p>\t\t\t\t\t\t\t\t<\/div>\n\t\t\t\t<\/div>\n\t\t\t\t<\/div>\n\t\t<div class=\"elementor-element elementor-element-e13dfdb e-con-full e-flex e-con e-child\" data-id=\"e13dfdb\" data-element_type=\"container\">\n\t\t\t\t<div class=\"elementor-element elementor-element-ec8202b elementor-widget elementor-widget-image\" data-id=\"ec8202b\" data-element_type=\"widget\" data-widget_type=\"image.default\">\n\t\t\t\t<div class=\"elementor-widget-container\">\n\t\t\t\t\t\t\t\t\t\t\t\t\t\t\t<img decoding=\"async\" width=\"600\" height=\"300\" src=\"https:\/\/imatec2.com.br\/wp-content\/uploads\/2024\/03\/otimizacao-de-processos.png\" class=\"attachment-large size-large wp-image-1475\" alt=\"otimiza\u00e7\u00e3o de processos\" srcset=\"https:\/\/imatec2.com.br\/wp-content\/uploads\/2024\/03\/otimizacao-de-processos.png 600w, https:\/\/imatec2.com.br\/wp-content\/uploads\/2024\/03\/otimizacao-de-processos-300x150.png 300w\" sizes=\"(max-width: 600px) 100vw, 600px\" \/>\t\t\t\t\t\t\t\t\t\t\t\t\t\t\t<\/div>\n\t\t\t\t<\/div>\n\t\t\t\t<\/div>\n\t\t\t\t<\/div>\n\t\t<div class=\"elementor-element elementor-element-3e63fcd e-flex e-con-boxed e-con e-parent\" data-id=\"3e63fcd\" data-element_type=\"container\">\n\t\t\t\t\t<div class=\"e-con-inner\">\n\t\t\t\t<div class=\"elementor-element elementor-element-1d6643e elementor-widget elementor-widget-heading\" data-id=\"1d6643e\" data-element_type=\"widget\" data-widget_type=\"heading.default\">\n\t\t\t\t<div class=\"elementor-widget-container\">\n\t\t\t\t\t<h2 class=\"elementor-heading-title elementor-size-default\">Benef\u00edcios do BPO com a Imatec:<\/h2>\t\t\t\t<\/div>\n\t\t\t\t<\/div>\n\t\t\t\t\t<\/div>\n\t\t\t\t<\/div>\n\t\t<div class=\"elementor-element elementor-element-59193ea e-con-full e-flex e-con e-parent\" data-id=\"59193ea\" data-element_type=\"container\">\n\t\t<div class=\"elementor-element elementor-element-8bbc441 e-con-full e-flex e-con e-child\" data-id=\"8bbc441\" data-element_type=\"container\">\n\t\t\t\t<div class=\"elementor-element elementor-element-47d5b4a elementor-widget elementor-widget-text-editor\" data-id=\"47d5b4a\" data-element_type=\"widget\" data-widget_type=\"text-editor.default\">\n\t\t\t\t<div class=\"elementor-widget-container\">\n\t\t\t\t\t\t\t\t\t<ol><li><strong>Foco Estrat\u00e9gico:<\/strong><\/li><\/ol><p>\u00a0\u00a0 Ao liberar recursos n\u00e3o essenciais para a Imatec, as empresas podem se concentrar em \u00e1reas cr\u00edticas como inova\u00e7\u00e3o e atendimento ao cliente.<\/p><p>\u00a0<\/p><ol start=\"2\"><li><strong>Redu\u00e7\u00e3o de Custos:<\/strong><\/li><\/ol><p>\u00a0\u00a0 A Imatec reduz os custos operacionais, incluindo m\u00e3o-de-obra e infraestrutura, proporcionando economias significativas.<\/p>\t\t\t\t\t\t\t\t<\/div>\n\t\t\t\t<\/div>\n\t\t\t\t<\/div>\n\t\t<div class=\"elementor-element elementor-element-c3d8f82 e-con-full e-flex e-con e-child\" data-id=\"c3d8f82\" data-element_type=\"container\">\n\t\t\t\t<div class=\"elementor-element elementor-element-857eec1 elementor-widget elementor-widget-image\" data-id=\"857eec1\" data-element_type=\"widget\" data-widget_type=\"image.default\">\n\t\t\t\t<div class=\"elementor-widget-container\">\n\t\t\t\t\t\t\t\t\t\t\t\t\t\t\t<img loading=\"lazy\" decoding=\"async\" width=\"600\" height=\"300\" src=\"https:\/\/imatec2.com.br\/wp-content\/uploads\/2024\/03\/reduzir-custos.png\" class=\"attachment-large size-large wp-image-1482\" alt=\"reduzir custos\" srcset=\"https:\/\/imatec2.com.br\/wp-content\/uploads\/2024\/03\/reduzir-custos.png 600w, https:\/\/imatec2.com.br\/wp-content\/uploads\/2024\/03\/reduzir-custos-300x150.png 300w\" sizes=\"(max-width: 600px) 100vw, 600px\" \/>\t\t\t\t\t\t\t\t\t\t\t\t\t\t\t<\/div>\n\t\t\t\t<\/div>\n\t\t\t\t<\/div>\n\t\t\t\t<\/div>\n\t\t<div class=\"elementor-element elementor-element-def5ece e-con-full e-flex e-con e-parent\" data-id=\"def5ece\" data-element_type=\"container\">\n\t\t<div class=\"elementor-element elementor-element-206728e e-con-full e-flex e-con e-child\" data-id=\"206728e\" data-element_type=\"container\">\n\t\t\t\t<div class=\"elementor-element elementor-element-fc47475 elementor-widget elementor-widget-text-editor\" data-id=\"fc47475\" data-element_type=\"widget\" data-widget_type=\"text-editor.default\">\n\t\t\t\t<div class=\"elementor-widget-container\">\n\t\t\t\t\t\t\t\t\t<ol start=\"3\"><li><strong>Melhoria da Efici\u00eancia:<\/strong><\/li><\/ol><p>\u00a0\u00a0 Com processos otimizados, as empresas experimentam melhorias tang\u00edveis na efici\u00eancia e qualidade de suas opera\u00e7\u00f5es.<\/p><p>\u00a0<\/p><ol start=\"4\"><li><strong>Mensura\u00e7\u00e3o de Resultados:<\/strong><\/li><\/ol><p>\u00a0\u00a0 A Imatec estabelece m\u00e9tricas mensur\u00e1veis para garantir que os resultados do BPO sejam tang\u00edveis e alinhados aos objetivos comerciais.<\/p>\t\t\t\t\t\t\t\t<\/div>\n\t\t\t\t<\/div>\n\t\t\t\t<\/div>\n\t\t<div class=\"elementor-element elementor-element-87ef18f e-con-full e-flex e-con e-child\" data-id=\"87ef18f\" data-element_type=\"container\">\n\t\t\t\t<div class=\"elementor-element elementor-element-10fa80a elementor-widget elementor-widget-image\" data-id=\"10fa80a\" data-element_type=\"widget\" data-widget_type=\"image.default\">\n\t\t\t\t<div class=\"elementor-widget-container\">\n\t\t\t\t\t\t\t\t\t\t\t\t\t\t\t<img loading=\"lazy\" decoding=\"async\" width=\"600\" height=\"300\" src=\"https:\/\/imatec2.com.br\/wp-content\/uploads\/2024\/03\/metricas.png\" class=\"attachment-large size-large wp-image-1486\" alt=\"\" srcset=\"https:\/\/imatec2.com.br\/wp-content\/uploads\/2024\/03\/metricas.png 600w, https:\/\/imatec2.com.br\/wp-content\/uploads\/2024\/03\/metricas-300x150.png 300w\" sizes=\"(max-width: 600px) 100vw, 600px\" \/>\t\t\t\t\t\t\t\t\t\t\t\t\t\t\t<\/div>\n\t\t\t\t<\/div>\n\t\t\t\t<\/div>\n\t\t\t\t<\/div>\n\t\t<div class=\"elementor-element elementor-element-2f58571 e-flex e-con-boxed e-con e-parent\" data-id=\"2f58571\" data-element_type=\"container\">\n\t\t\t\t\t<div class=\"e-con-inner\">\n\t\t\t\t<div class=\"elementor-element elementor-element-fb6839f elementor-widget elementor-widget-text-editor\" data-id=\"fb6839f\" data-element_type=\"widget\" data-widget_type=\"text-editor.default\">\n\t\t\t\t<div class=\"elementor-widget-container\">\n\t\t\t\t\t\t\t\t\t<p>Em suma, o BPO oferece uma abordagem estrat\u00e9gica e eficaz para a terceiriza\u00e7\u00e3o de processos empresariais.<\/p><p>Com a Imatec como parceira, as empresas alcan\u00e7am a excel\u00eancia operacional, impulsionando a inova\u00e7\u00e3o e o sucesso em um mercado competitivo.<\/p>\t\t\t\t\t\t\t\t<\/div>\n\t\t\t\t<\/div>\n\t\t\t\t\t<\/div>\n\t\t\t\t<\/div>\n\t\t<div class=\"elementor-element elementor-element-1687e60 e-flex e-con-boxed e-con e-parent\" data-id=\"1687e60\" data-element_type=\"container\">\n\t\t\t\t\t<div class=\"e-con-inner\">\n\t\t<div class=\"elementor-element elementor-element-abdffa0 e-flex e-con-boxed e-con e-child\" data-id=\"abdffa0\" data-element_type=\"container\">\n\t\t\t\t\t<div class=\"e-con-inner\">\n\t\t<div class=\"elementor-element elementor-element-f095c09 e-con-full e-flex e-con e-child\" data-id=\"f095c09\" data-element_type=\"container\">\n\t\t\t\t<div class=\"elementor-element elementor-element-8ccfd9a elementor-widget elementor-widget-heading\" data-id=\"8ccfd9a\" data-element_type=\"widget\" data-widget_type=\"heading.default\">\n\t\t\t\t<div class=\"elementor-widget-container\">\n\t\t\t\t\t<h2 class=\"elementor-heading-title elementor-size-default\">VEJA TAMB\u00c9M:<\/h2>\t\t\t\t<\/div>\n\t\t\t\t<\/div>\n\t\t\t\t<\/div>\n\t\t\t\t\t<\/div>\n\t\t\t\t<\/div>\n\t\t\t\t\t<\/div>\n\t\t\t\t<\/div>\n\t\t<div class=\"elementor-element elementor-element-09ee81e e-flex e-con-boxed e-con e-parent\" data-id=\"09ee81e\" data-element_type=\"container\">\n\t\t\t\t\t<div class=\"e-con-inner\">\n\t\t<div class=\"elementor-element elementor-element-05113cf e-flex e-con-boxed e-con e-child\" data-id=\"05113cf\" data-element_type=\"container\">\n\t\t\t\t\t<div class=\"e-con-inner\">\n\t\t<div class=\"elementor-element elementor-element-391c606 e-con-full e-flex e-con e-child\" data-id=\"391c606\" data-element_type=\"container\">\n\t\t\t\t<\/div>\n\t\t\t\t\t<\/div>\n\t\t\t\t<\/div>\n\t\t\t\t\t<\/div>\n\t\t\t\t<\/div>\n\t\t\t\t<\/div>\n\t\t","protected":false},"excerpt":{"rendered":"<p>O BPO envolve a transfer\u00eancia das opera\u00e7\u00f5es e responsabilidades de fun\u00e7\u00f5es espec\u00edficas para um provedor de servi\u00e7os terceirizado, como a Imatec. <\/p>\n","protected":false},"author":1,"featured_media":0,"parent":0,"menu_order":0,"comment_status":"closed","ping_status":"closed","template":"elementor_header_footer","meta":{"footnotes":""},"_links":{"self":[{"href":"https:\/\/imatec2.com.br\/index.php\/wp-json\/wp\/v2\/pages\/1461"}],"collection":[{"href":"https:\/\/imatec2.com.br\/index.php\/wp-json\/wp\/v2\/pages"}],"about":[{"href":"https:\/\/imatec2.com.br\/index.php\/wp-json\/wp\/v2\/types\/page"}],"author":[{"embeddable":true,"href":"https:\/\/imatec2.com.br\/index.php\/wp-json\/wp\/v2\/users\/1"}],"replies":[{"embeddable":true,"href":"https:\/\/imatec2.com.br\/index.php\/wp-json\/wp\/v2\/comments?post=1461"}],"version-history":[{"count":1,"href":"https:\/\/imatec2.com.br\/index.php\/wp-json\/wp\/v2\/pages\/1461\/revisions"}],"predecessor-version":[{"id":1856,"href":"https:\/\/imatec2.com.br\/index.php\/wp-json\/wp\/v2\/pages\/1461\/revisions\/1856"}],"wp:attachment":[{"href":"https:\/\/imatec2.com.br\/index.php\/wp-json\/wp\/v2\/media?parent=1461"}],"curies":[{"name":"wp","href":"https:\/\/api.w.org\/{rel}","templated":true}]}}