{"id":7,"date":"2024-03-13T09:37:53","date_gmt":"2024-03-13T12:37:53","guid":{"rendered":"https:\/\/imatec2.com.br\/?page_id=7"},"modified":"2024-04-09T09:16:05","modified_gmt":"2024-04-09T12:16:05","slug":"home","status":"publish","type":"page","link":"https:\/\/imatec2.com.br\/","title":{"rendered":"HOME"},"content":{"rendered":"\t\t<div data-elementor-type=\"wp-page\" data-elementor-id=\"7\" class=\"elementor elementor-7\">\n\t\t\t\t<div class=\"elementor-element elementor-element-df8835c e-con-full e-flex e-con e-parent\" data-id=\"df8835c\" data-element_type=\"container\">\n\t\t\t\t<\/div>\n\t\t<div class=\"elementor-element elementor-element-1e3f5692 e-con-full e-flex e-con e-parent\" data-id=\"1e3f5692\" data-element_type=\"container\" data-settings=\"{&quot;background_background&quot;:&quot;slideshow&quot;,&quot;background_slideshow_gallery&quot;:[{&quot;id&quot;:377,&quot;url&quot;:&quot;https:\\\/\\\/imatec2.com.br\\\/wp-content\\\/uploads\\\/2024\\\/03\\\/Sem-nome-1.png&quot;}],&quot;background_slideshow_loop&quot;:&quot;yes&quot;,&quot;background_slideshow_slide_duration&quot;:5000,&quot;background_slideshow_slide_transition&quot;:&quot;fade&quot;,&quot;background_slideshow_transition_duration&quot;:500}\">\n\t\t\t\t<div class=\"elementor-element elementor-element-7a6f0e3d animated-slow elementor-invisible elementor-widget elementor-widget-heading\" data-id=\"7a6f0e3d\" data-element_type=\"widget\" data-settings=\"{&quot;_animation&quot;:&quot;slideInUp&quot;}\" data-widget_type=\"heading.default\">\n\t\t\t\t<div class=\"elementor-widget-container\">\n\t\t\t\t\t<h2 class=\"elementor-heading-title elementor-size-default\">Seguran\u00e7a, Tecnologia, Responsabilidade e Profissionais altamente qualificados, voc\u00ea encontra na IMATEC.<br>Conhe\u00e7a nossos Servi\u00e7os e descubra a solu\u00e7\u00e3o que melhor atende sua Empresa.<\/h2>\t\t\t\t<\/div>\n\t\t\t\t<\/div>\n\t\t\t\t<div class=\"elementor-element elementor-element-6183b8c8 animated-slow elementor-invisible elementor-widget elementor-widget-heading\" data-id=\"6183b8c8\" data-element_type=\"widget\" data-settings=\"{&quot;_animation&quot;:&quot;slideInUp&quot;}\" data-widget_type=\"heading.default\">\n\t\t\t\t<div class=\"elementor-widget-container\">\n\t\t\t\t\t<h2 class=\"elementor-heading-title elementor-size-default\">SERVI\u00c7OS<\/h2>\t\t\t\t<\/div>\n\t\t\t\t<\/div>\n\t\t<div class=\"elementor-element elementor-element-55347584 e-con-full e-flex e-con e-child\" data-id=\"55347584\" data-element_type=\"container\">\n\t\t<div class=\"elementor-element elementor-element-a605d46 e-con-full e-flex e-con e-child\" data-id=\"a605d46\" data-element_type=\"container\">\n\t\t<div class=\"elementor-element elementor-element-4fe1cda e-flex e-con-boxed e-con e-child\" data-id=\"4fe1cda\" data-element_type=\"container\" data-settings=\"{&quot;background_background&quot;:&quot;classic&quot;}\">\n\t\t\t\t\t<div class=\"e-con-inner\">\n\t\t\t\t<div class=\"elementor-element elementor-element-06f829f elementor-widget elementor-widget-image\" data-id=\"06f829f\" data-element_type=\"widget\" data-widget_type=\"image.default\">\n\t\t\t\t<div class=\"elementor-widget-container\">\n\t\t\t\t\t\t\t\t\t\t\t\t\t\t\t\t<a href=\"https:\/\/imatec2.com.br\/index.php\/digitalizacao-de-documentos\/\">\n\t\t\t\t\t\t\t<img decoding=\"async\" width=\"152\" height=\"152\" src=\"https:\/\/imatec2.com.br\/wp-content\/uploads\/2024\/03\/digitalizacao-de-documentos-3.png\" class=\"attachment-large size-large wp-image-1718\" alt=\"digitaliza\u00e7\u00e3o-de-documentos\" srcset=\"https:\/\/imatec2.com.br\/wp-content\/uploads\/2024\/03\/digitalizacao-de-documentos-3.png 152w, https:\/\/imatec2.com.br\/wp-content\/uploads\/2024\/03\/digitalizacao-de-documentos-3-150x150.png 150w\" sizes=\"(max-width: 152px) 100vw, 152px\" \/>\t\t\t\t\t\t\t\t<\/a>\n\t\t\t\t\t\t\t\t\t\t\t\t\t\t\t<\/div>\n\t\t\t\t<\/div>\n\t\t\t\t<div class=\"elementor-element elementor-element-ba09fcb elementor-widget elementor-widget-heading\" data-id=\"ba09fcb\" data-element_type=\"widget\" data-widget_type=\"heading.default\">\n\t\t\t\t<div class=\"elementor-widget-container\">\n\t\t\t\t\t<span class=\"elementor-heading-title elementor-size-default\"><a href=\"https:\/\/imatec2.com.br\/index.php\/digitalizacao-de-documentos\/\">DIGITALIZA\u00c7\u00c3O<BR>DE DOCUMENTOS<\/a><\/span>\t\t\t\t<\/div>\n\t\t\t\t<\/div>\n\t\t\t\t\t<\/div>\n\t\t\t\t<\/div>\n\t\t\t\t<\/div>\n\t\t<div class=\"elementor-element elementor-element-154fe40b e-con-full e-flex e-con e-child\" data-id=\"154fe40b\" data-element_type=\"container\">\n\t\t<div class=\"elementor-element elementor-element-5b22df1 e-flex e-con-boxed e-con e-child\" data-id=\"5b22df1\" data-element_type=\"container\" data-settings=\"{&quot;background_background&quot;:&quot;classic&quot;}\">\n\t\t\t\t\t<div class=\"e-con-inner\">\n\t\t\t\t<div class=\"elementor-element elementor-element-d2e1eeb elementor-widget elementor-widget-image\" data-id=\"d2e1eeb\" data-element_type=\"widget\" data-widget_type=\"image.default\">\n\t\t\t\t<div class=\"elementor-widget-container\">\n\t\t\t\t\t\t\t\t\t\t\t\t\t\t\t\t<a href=\"https:\/\/imatec2.com.br\/index.php\/guarda-de-documentos\/\">\n\t\t\t\t\t\t\t<img decoding=\"async\" width=\"152\" height=\"152\" src=\"https:\/\/imatec2.com.br\/wp-content\/uploads\/2024\/03\/guarda-de-documentos-1.png\" class=\"attachment-large size-large wp-image-1750\" alt=\"guarda-de-documentos\" srcset=\"https:\/\/imatec2.com.br\/wp-content\/uploads\/2024\/03\/guarda-de-documentos-1.png 152w, https:\/\/imatec2.com.br\/wp-content\/uploads\/2024\/03\/guarda-de-documentos-1-150x150.png 150w\" sizes=\"(max-width: 152px) 100vw, 152px\" \/>\t\t\t\t\t\t\t\t<\/a>\n\t\t\t\t\t\t\t\t\t\t\t\t\t\t\t<\/div>\n\t\t\t\t<\/div>\n\t\t\t\t<div class=\"elementor-element elementor-element-f65204f elementor-widget elementor-widget-heading\" data-id=\"f65204f\" data-element_type=\"widget\" data-widget_type=\"heading.default\">\n\t\t\t\t<div class=\"elementor-widget-container\">\n\t\t\t\t\t<span class=\"elementor-heading-title elementor-size-default\"><a href=\"https:\/\/imatec2.com.br\/index.php\/guarda-de-documentos\/\">GUARDA<BR>DE DOCUMENTOS<\/a><\/span>\t\t\t\t<\/div>\n\t\t\t\t<\/div>\n\t\t\t\t\t<\/div>\n\t\t\t\t<\/div>\n\t\t\t\t<\/div>\n\t\t<div class=\"elementor-element elementor-element-50e450a3 e-con-full e-flex e-con e-child\" data-id=\"50e450a3\" data-element_type=\"container\">\n\t\t<div class=\"elementor-element elementor-element-8a4aa23 e-flex e-con-boxed e-con e-child\" data-id=\"8a4aa23\" data-element_type=\"container\" data-settings=\"{&quot;background_background&quot;:&quot;classic&quot;}\">\n\t\t\t\t\t<div class=\"e-con-inner\">\n\t\t\t\t<div class=\"elementor-element elementor-element-73cb5fd elementor-widget elementor-widget-image\" data-id=\"73cb5fd\" data-element_type=\"widget\" data-widget_type=\"image.default\">\n\t\t\t\t<div class=\"elementor-widget-container\">\n\t\t\t\t\t\t\t\t\t\t\t\t\t\t\t\t<a href=\"https:\/\/imatec2.com.br\/index.php\/armazenamento-online\/\">\n\t\t\t\t\t\t\t<img decoding=\"async\" width=\"152\" height=\"152\" src=\"https:\/\/imatec2.com.br\/wp-content\/uploads\/2024\/03\/armazenamento-online-1.png\" class=\"attachment-large size-large wp-image-1757\" alt=\"\" srcset=\"https:\/\/imatec2.com.br\/wp-content\/uploads\/2024\/03\/armazenamento-online-1.png 152w, https:\/\/imatec2.com.br\/wp-content\/uploads\/2024\/03\/armazenamento-online-1-150x150.png 150w\" sizes=\"(max-width: 152px) 100vw, 152px\" \/>\t\t\t\t\t\t\t\t<\/a>\n\t\t\t\t\t\t\t\t\t\t\t\t\t\t\t<\/div>\n\t\t\t\t<\/div>\n\t\t\t\t<div class=\"elementor-element elementor-element-3f50178 elementor-widget elementor-widget-heading\" data-id=\"3f50178\" data-element_type=\"widget\" data-widget_type=\"heading.default\">\n\t\t\t\t<div class=\"elementor-widget-container\">\n\t\t\t\t\t<span class=\"elementor-heading-title elementor-size-default\"><a href=\"https:\/\/imatec2.com.br\/index.php\/armazenamento-online\/\">armazenamento <br>\nonline<\/a><\/span>\t\t\t\t<\/div>\n\t\t\t\t<\/div>\n\t\t\t\t\t<\/div>\n\t\t\t\t<\/div>\n\t\t\t\t<\/div>\n\t\t<div class=\"elementor-element elementor-element-4fca2bd9 e-con-full e-flex e-con e-child\" data-id=\"4fca2bd9\" data-element_type=\"container\">\n\t\t<div class=\"elementor-element elementor-element-4a3f371 e-flex e-con-boxed e-con e-child\" data-id=\"4a3f371\" data-element_type=\"container\" data-settings=\"{&quot;background_background&quot;:&quot;classic&quot;}\">\n\t\t\t\t\t<div class=\"e-con-inner\">\n\t\t\t\t<div class=\"elementor-element elementor-element-7ed1185 elementor-widget elementor-widget-image\" data-id=\"7ed1185\" data-element_type=\"widget\" data-widget_type=\"image.default\">\n\t\t\t\t<div class=\"elementor-widget-container\">\n\t\t\t\t\t\t\t\t\t\t\t\t\t\t\t\t<a href=\"https:\/\/imatec2.com.br\/index.php\/ged-tecnologia-em-software\/\">\n\t\t\t\t\t\t\t<img loading=\"lazy\" decoding=\"async\" width=\"152\" height=\"152\" src=\"https:\/\/imatec2.com.br\/wp-content\/uploads\/2024\/03\/gerenciamento-eletronico-de-documentos.png\" class=\"attachment-large size-large wp-image-1764\" alt=\"\" srcset=\"https:\/\/imatec2.com.br\/wp-content\/uploads\/2024\/03\/gerenciamento-eletronico-de-documentos.png 152w, https:\/\/imatec2.com.br\/wp-content\/uploads\/2024\/03\/gerenciamento-eletronico-de-documentos-150x150.png 150w\" sizes=\"(max-width: 152px) 100vw, 152px\" \/>\t\t\t\t\t\t\t\t<\/a>\n\t\t\t\t\t\t\t\t\t\t\t\t\t\t\t<\/div>\n\t\t\t\t<\/div>\n\t\t\t\t<div class=\"elementor-element elementor-element-c79931e elementor-widget elementor-widget-heading\" data-id=\"c79931e\" data-element_type=\"widget\" data-widget_type=\"heading.default\">\n\t\t\t\t<div class=\"elementor-widget-container\">\n\t\t\t\t\t<span class=\"elementor-heading-title elementor-size-default\"><a href=\"https:\/\/imatec2.com.br\/index.php\/ged-tecnologia-em-software\/\">GED - TECNOLOGIA<BR>EM SOFTWARE<\/a><\/span>\t\t\t\t<\/div>\n\t\t\t\t<\/div>\n\t\t\t\t\t<\/div>\n\t\t\t\t<\/div>\n\t\t\t\t<\/div>\n\t\t<div class=\"elementor-element elementor-element-bd9ba46 e-con-full e-flex e-con e-child\" data-id=\"bd9ba46\" data-element_type=\"container\">\n\t\t<div class=\"elementor-element elementor-element-539d4d2 e-flex e-con-boxed e-con e-child\" data-id=\"539d4d2\" data-element_type=\"container\" data-settings=\"{&quot;background_background&quot;:&quot;classic&quot;}\">\n\t\t\t\t\t<div class=\"e-con-inner\">\n\t\t\t\t<div class=\"elementor-element elementor-element-aa03eed elementor-widget elementor-widget-image\" data-id=\"aa03eed\" data-element_type=\"widget\" data-widget_type=\"image.default\">\n\t\t\t\t<div class=\"elementor-widget-container\">\n\t\t\t\t\t\t\t\t\t\t\t\t\t\t\t\t<a href=\"https:\/\/imatec2.com.br\/index.php\/bpo-service\/\">\n\t\t\t\t\t\t\t<img loading=\"lazy\" decoding=\"async\" width=\"152\" height=\"152\" src=\"https:\/\/imatec2.com.br\/wp-content\/uploads\/2024\/03\/bpo-service-1.png\" class=\"attachment-large size-large wp-image-1771\" alt=\"\" srcset=\"https:\/\/imatec2.com.br\/wp-content\/uploads\/2024\/03\/bpo-service-1.png 152w, https:\/\/imatec2.com.br\/wp-content\/uploads\/2024\/03\/bpo-service-1-150x150.png 150w\" sizes=\"(max-width: 152px) 100vw, 152px\" \/>\t\t\t\t\t\t\t\t<\/a>\n\t\t\t\t\t\t\t\t\t\t\t\t\t\t\t<\/div>\n\t\t\t\t<\/div>\n\t\t\t\t<div class=\"elementor-element elementor-element-b1a6a29 elementor-widget elementor-widget-heading\" data-id=\"b1a6a29\" data-element_type=\"widget\" data-widget_type=\"heading.default\">\n\t\t\t\t<div class=\"elementor-widget-container\">\n\t\t\t\t\t<span class=\"elementor-heading-title elementor-size-default\"><a href=\"https:\/\/imatec2.com.br\/index.php\/bpo-service\/\">BPO<BR>SERVICE<\/a><\/span>\t\t\t\t<\/div>\n\t\t\t\t<\/div>\n\t\t\t\t\t<\/div>\n\t\t\t\t<\/div>\n\t\t\t\t<\/div>\n\t\t<div class=\"elementor-element elementor-element-3b1f4886 e-con-full e-flex e-con e-child\" data-id=\"3b1f4886\" data-element_type=\"container\">\n\t\t<div class=\"elementor-element elementor-element-81212cd e-flex e-con-boxed e-con e-child\" data-id=\"81212cd\" data-element_type=\"container\" data-settings=\"{&quot;background_background&quot;:&quot;classic&quot;}\">\n\t\t\t\t\t<div class=\"e-con-inner\">\n\t\t\t\t<div class=\"elementor-element elementor-element-2a5f966 elementor-widget elementor-widget-image\" data-id=\"2a5f966\" data-element_type=\"widget\" data-widget_type=\"image.default\">\n\t\t\t\t<div class=\"elementor-widget-container\">\n\t\t\t\t\t\t\t\t\t\t\t\t\t\t\t\t<a href=\"https:\/\/imatec2.com.br\/index.php\/guarda-de-midias\/\">\n\t\t\t\t\t\t\t<img loading=\"lazy\" decoding=\"async\" width=\"152\" height=\"152\" src=\"https:\/\/imatec2.com.br\/wp-content\/uploads\/2024\/03\/guarda-de-midias-2.png\" class=\"attachment-large size-large wp-image-1778\" alt=\"guarda-de-m\u00eddias\" srcset=\"https:\/\/imatec2.com.br\/wp-content\/uploads\/2024\/03\/guarda-de-midias-2.png 152w, https:\/\/imatec2.com.br\/wp-content\/uploads\/2024\/03\/guarda-de-midias-2-150x150.png 150w\" sizes=\"(max-width: 152px) 100vw, 152px\" \/>\t\t\t\t\t\t\t\t<\/a>\n\t\t\t\t\t\t\t\t\t\t\t\t\t\t\t<\/div>\n\t\t\t\t<\/div>\n\t\t\t\t<div class=\"elementor-element elementor-element-38bef72 elementor-widget elementor-widget-heading\" data-id=\"38bef72\" data-element_type=\"widget\" data-widget_type=\"heading.default\">\n\t\t\t\t<div class=\"elementor-widget-container\">\n\t\t\t\t\t<span class=\"elementor-heading-title elementor-size-default\"><a href=\"https:\/\/imatec2.com.br\/index.php\/guarda-de-midias\/\">GUARDA<BR>DE M\u00cdDIAS<\/a><\/span>\t\t\t\t<\/div>\n\t\t\t\t<\/div>\n\t\t\t\t\t<\/div>\n\t\t\t\t<\/div>\n\t\t\t\t<\/div>\n\t\t\t\t<\/div>\n\t\t\t\t<\/div>\n\t\t<div class=\"elementor-element elementor-element-a5ee298 e-con-full e-flex e-con e-parent\" data-id=\"a5ee298\" data-element_type=\"container\" data-settings=\"{&quot;background_background&quot;:&quot;slideshow&quot;,&quot;background_slideshow_gallery&quot;:[{&quot;id&quot;:396,&quot;url&quot;:&quot;https:\\\/\\\/imatec2.com.br\\\/wp-content\\\/uploads\\\/2024\\\/03\\\/BACKGROUND-2.png&quot;}],&quot;background_slideshow_loop&quot;:&quot;yes&quot;,&quot;background_slideshow_slide_duration&quot;:5000,&quot;background_slideshow_slide_transition&quot;:&quot;fade&quot;,&quot;background_slideshow_transition_duration&quot;:500}\">\n\t\t<div class=\"elementor-element elementor-element-91bad3e e-con-full e-flex e-con e-child\" data-id=\"91bad3e\" data-element_type=\"container\">\n\t\t\t\t<div class=\"elementor-element elementor-element-f39ec12 elementor-widget elementor-widget-heading\" data-id=\"f39ec12\" data-element_type=\"widget\" data-widget_type=\"heading.default\">\n\t\t\t\t<div class=\"elementor-widget-container\">\n\t\t\t\t\t<h2 class=\"elementor-heading-title elementor-size-default\">Responsabilidade e Profissionalismo<br> para solu\u00e7\u00f5es eficientes<\/h2>\t\t\t\t<\/div>\n\t\t\t\t<\/div>\n\t\t\t\t<div class=\"elementor-element elementor-element-d2d4c20 elementor-widget elementor-widget-text-editor\" data-id=\"d2d4c20\" data-element_type=\"widget\" data-widget_type=\"text-editor.default\">\n\t\t\t\t<div class=\"elementor-widget-container\">\n\t\t\t\t\t\t\t\t\t<span style=\"color: #555555; font-family: verdana; font-size: 15px;\">A Imatec est\u00e1 no mercado h\u00e1 mais de 30 anos prestando servi\u00e7os de alta qualidade no segmento de tecnologia e informa\u00e7\u00e3o.<\/span> <span style=\"color: #555555; font-family: verdana; font-size: 15px;\"><br>Possui unidades pr\u00f3prias que foram projetadas e constru\u00eddas para a guarda de documentos e M\u00eddias, infraestrutura para digitaliza\u00e7\u00e3o e processamento em grande escala. <br>Armazenamento em nuvem e softwares inteligentes para consulta de imagens e dados.<\/span>\t\t\t\t\t\t\t\t<\/div>\n\t\t\t\t<\/div>\n\t\t\t\t<\/div>\n\t\t<div class=\"elementor-element elementor-element-c5a197e e-con-full e-flex e-con e-child\" data-id=\"c5a197e\" data-element_type=\"container\">\n\t\t\t\t<div class=\"elementor-element elementor-element-433713c elementor-widget elementor-widget-image\" data-id=\"433713c\" data-element_type=\"widget\" data-widget_type=\"image.default\">\n\t\t\t\t<div class=\"elementor-widget-container\">\n\t\t\t\t\t\t\t\t\t\t\t\t\t\t\t\t<a href=\"https:\/\/www.youtube.com\/watch?v=epU3XOnfIXA&#038;t=259s\">\n\t\t\t\t\t\t\t<img loading=\"lazy\" decoding=\"async\" width=\"479\" height=\"269\" src=\"https:\/\/imatec2.com.br\/wp-content\/uploads\/2024\/03\/YOUTUBE-IMAGEM.jpg\" class=\"attachment-large size-large wp-image-1693\" alt=\"imatec\" srcset=\"https:\/\/imatec2.com.br\/wp-content\/uploads\/2024\/03\/YOUTUBE-IMAGEM.jpg 479w, https:\/\/imatec2.com.br\/wp-content\/uploads\/2024\/03\/YOUTUBE-IMAGEM-300x168.jpg 300w\" sizes=\"(max-width: 479px) 100vw, 479px\" \/>\t\t\t\t\t\t\t\t<\/a>\n\t\t\t\t\t\t\t\t\t\t\t\t\t\t\t<\/div>\n\t\t\t\t<\/div>\n\t\t\t\t<\/div>\n\t\t\t\t<\/div>\n\t\t<div class=\"elementor-element elementor-element-60c3b4d e-con-full e-flex e-con e-parent\" data-id=\"60c3b4d\" data-element_type=\"container\" data-settings=\"{&quot;background_background&quot;:&quot;classic&quot;}\">\n\t\t\t\t<\/div>\n\t\t<div class=\"elementor-element elementor-element-1eadf08 e-flex e-con-boxed e-con e-parent\" data-id=\"1eadf08\" data-element_type=\"container\">\n\t\t\t\t\t<div class=\"e-con-inner\">\n\t\t<div class=\"elementor-element elementor-element-ac3b0ce e-flex e-con-boxed e-con e-child\" data-id=\"ac3b0ce\" data-element_type=\"container\" data-settings=\"{&quot;background_background&quot;:&quot;classic&quot;}\">\n\t\t\t\t\t<div class=\"e-con-inner\">\n\t\t\t\t<div class=\"elementor-element elementor-element-33aca2a elementor-align-center elementor-widget elementor-widget-button\" data-id=\"33aca2a\" data-element_type=\"widget\" data-widget_type=\"button.default\">\n\t\t\t\t<div class=\"elementor-widget-container\">\n\t\t\t\t\t\t\t\t\t<div class=\"elementor-button-wrapper\">\n\t\t\t\t\t<a class=\"elementor-button elementor-button-link elementor-size-sm\" href=\"https:\/\/imatec2.com.br\/index.php\/unidades\/\">\n\t\t\t\t\t\t<span class=\"elementor-button-content-wrapper\">\n\t\t\t\t\t\t\t\t\t<span class=\"elementor-button-text\">ONDE ESTAMOS<\/span>\n\t\t\t\t\t<\/span>\n\t\t\t\t\t<\/a>\n\t\t\t\t<\/div>\n\t\t\t\t\t\t\t\t<\/div>\n\t\t\t\t<\/div>\n\t\t\t\t<div class=\"elementor-element elementor-element-38adc49 elementor-widget elementor-widget-image\" data-id=\"38adc49\" data-element_type=\"widget\" data-widget_type=\"image.default\">\n\t\t\t\t<div class=\"elementor-widget-container\">\n\t\t\t\t\t\t\t\t\t\t\t\t\t\t\t\t<a href=\"https:\/\/imatec2.com.br\/index.php\/unidades\/\">\n\t\t\t\t\t\t\t<img loading=\"lazy\" decoding=\"async\" width=\"800\" height=\"450\" src=\"https:\/\/imatec2.com.br\/wp-content\/uploads\/2024\/03\/unidades.jpg\" class=\"attachment-large size-large wp-image-1650\" alt=\"unidades\" srcset=\"https:\/\/imatec2.com.br\/wp-content\/uploads\/2024\/03\/unidades.jpg 960w, https:\/\/imatec2.com.br\/wp-content\/uploads\/2024\/03\/unidades-300x169.jpg 300w, https:\/\/imatec2.com.br\/wp-content\/uploads\/2024\/03\/unidades-768x432.jpg 768w\" sizes=\"(max-width: 800px) 100vw, 800px\" \/>\t\t\t\t\t\t\t\t<\/a>\n\t\t\t\t\t\t\t\t\t\t\t\t\t\t\t<\/div>\n\t\t\t\t<\/div>\n\t\t\t\t\t<\/div>\n\t\t\t\t<\/div>\n\t\t\t\t\t<\/div>\n\t\t\t\t<\/div>\n\t\t<div class=\"elementor-element elementor-element-d5e53a9 e-flex e-con-boxed e-con e-parent\" data-id=\"d5e53a9\" data-element_type=\"container\">\n\t\t\t\t\t<div class=\"e-con-inner\">\n\t\t\t\t<div class=\"elementor-element elementor-element-b34ee82 elementor-widget elementor-widget-heading\" data-id=\"b34ee82\" data-element_type=\"widget\" data-widget_type=\"heading.default\">\n\t\t\t\t<div class=\"elementor-widget-container\">\n\t\t\t\t\t<h2 class=\"elementor-heading-title elementor-size-default\">Nosso Blog<\/h2>\t\t\t\t<\/div>\n\t\t\t\t<\/div>\n\t\t\t\t<div class=\"elementor-element elementor-element-eb438bd elementor-align-right elementor-mobile-align-center elementor-widget elementor-widget-button\" data-id=\"eb438bd\" data-element_type=\"widget\" data-widget_type=\"button.default\">\n\t\t\t\t<div class=\"elementor-widget-container\">\n\t\t\t\t\t\t\t\t\t<div class=\"elementor-button-wrapper\">\n\t\t\t\t\t<a class=\"elementor-button elementor-button-link elementor-size-sm\" href=\"https:\/\/imatec2.com.br\/index.php\/blog\/\">\n\t\t\t\t\t\t<span class=\"elementor-button-content-wrapper\">\n\t\t\t\t\t\t<span class=\"elementor-button-icon\">\n\t\t\t\t<svg aria-hidden=\"true\" class=\"e-font-icon-svg e-far-arrow-alt-circle-right\" viewBox=\"0 0 512 512\" xmlns=\"http:\/\/www.w3.org\/2000\/svg\"><path d=\"M504 256C504 119 393 8 256 8S8 119 8 256s111 248 248 248 248-111 248-248zm-448 0c0-110.5 89.5-200 200-200s200 89.5 200 200-89.5 200-200 200S56 366.5 56 256zm72 20v-40c0-6.6 5.4-12 12-12h116v-67c0-10.7 12.9-16 20.5-8.5l99 99c4.7 4.7 4.7 12.3 0 17l-99 99c-7.6 7.6-20.5 2.2-20.5-8.5v-67H140c-6.6 0-12-5.4-12-12z\"><\/path><\/svg>\t\t\t<\/span>\n\t\t\t\t\t\t\t\t\t<span class=\"elementor-button-text\">VER TUDO<\/span>\n\t\t\t\t\t<\/span>\n\t\t\t\t\t<\/a>\n\t\t\t\t<\/div>\n\t\t\t\t\t\t\t\t<\/div>\n\t\t\t\t<\/div>\n\t\t\t\t\t<\/div>\n\t\t\t\t<\/div>\n\t\t\t\t<\/div>\n\t\t","protected":false},"excerpt":{"rendered":"<p>A IMATEC entrega aos clientes detalhamento de todos os aspectos envolvidos no gerenciamento de informa\u00e7\u00f5es. Cobre desde os requisitos t\u00e9cnicos e ambientais necess\u00e1rios at\u00e9 considera\u00e7\u00f5es jur\u00eddicas sobre a destrui\u00e7\u00e3o dos documentos originais. <\/p>\n","protected":false},"author":1,"featured_media":0,"parent":0,"menu_order":0,"comment_status":"closed","ping_status":"closed","template":"elementor_header_footer","meta":{"footnotes":""},"_links":{"self":[{"href":"https:\/\/imatec2.com.br\/index.php\/wp-json\/wp\/v2\/pages\/7"}],"collection":[{"href":"https:\/\/imatec2.com.br\/index.php\/wp-json\/wp\/v2\/pages"}],"about":[{"href":"https:\/\/imatec2.com.br\/index.php\/wp-json\/wp\/v2\/types\/page"}],"author":[{"embeddable":true,"href":"https:\/\/imatec2.com.br\/index.php\/wp-json\/wp\/v2\/users\/1"}],"replies":[{"embeddable":true,"href":"https:\/\/imatec2.com.br\/index.php\/wp-json\/wp\/v2\/comments?post=7"}],"version-history":[{"count":127,"href":"https:\/\/imatec2.com.br\/index.php\/wp-json\/wp\/v2\/pages\/7\/revisions"}],"predecessor-version":[{"id":2213,"href":"https:\/\/imatec2.com.br\/index.php\/wp-json\/wp\/v2\/pages\/7\/revisions\/2213"}],"wp:attachment":[{"href":"https:\/\/imatec2.com.br\/index.php\/wp-json\/wp\/v2\/media?parent=7"}],"curies":[{"name":"wp","href":"https:\/\/api.w.org\/{rel}","templated":true}]}}